{"id":22,"date":"2024-04-22T14:03:55","date_gmt":"2024-04-22T12:03:55","guid":{"rendered":"http:\/\/helge-goehringer.de\/?page_id=22"},"modified":"2024-04-26T09:16:46","modified_gmt":"2024-04-26T07:16:46","slug":"impressum","status":"publish","type":"page","link":"https:\/\/helge-goehringer.de\/?page_id=22","title":{"rendered":"Impressum"},"content":{"rendered":"\t\t<div data-elementor-type=\"wp-page\" data-elementor-id=\"22\" class=\"elementor elementor-22\">\n\t\t\t\t<div class=\"elementor-element elementor-element-71bfbc3 e-flex e-con-boxed e-con e-parent\" data-id=\"71bfbc3\" data-element_type=\"container\">\n\t\t\t\t\t<div class=\"e-con-inner\">\n\t\t\t\t<div class=\"elementor-element elementor-element-8afafec elementor-widget elementor-widget-text-editor\" data-id=\"8afafec\" data-element_type=\"widget\" data-widget_type=\"text-editor.default\">\n\t\t\t\t<div class=\"elementor-widget-container\">\n\t\t\t\t\t\t\t\t\t<p>Verantwortlich f\u00fcr Copyright und Inhalt dieser Webseite:<\/p><p>\u00a0<\/p><p>Dr. Helge G\u00f6hringer<\/p><p>Nerenstetter Str.\u00a0 12<\/p><p>89542 Herbrechtingen<\/p><p>E-Mail: an@helge-goehringer.de<\/p><p>Tel. 0176 36333 261<\/p><p>\u00a0<\/p><p><em>\u00a0<\/em><\/p><p><em>Copyright<\/em>:<\/p><p>S\u00e4mtliche Inhalte und Bilder auf der Webseite Helge G\u00f6hringer unterliegen dem deutschen Urheberrecht. Sie k\u00f6nnen auf Anforderung zur Verf\u00fcgung gestellt werden. Ohne meine schriftliche Genehmigung ist eine Verwendung untersagt.<\/p><p>Die Bilder sind kostenpflichtig, um Copyright und Honorare an die Fotografen zu begleichen.<\/p><p>\u00a0<\/p><p><em>Haftungshinweis:<\/em><\/p><p>Die Webseite Helge G\u00f6hringer enth\u00e4lt Links zu externen Webseiten Dritter, auf deren Inhalte ich keinen Einfluss habe. F\u00fcr diese Seiten ist der jeweilige Betreiber verantwortlich.<\/p><p>Rechtswidrige Inhalte waren zum Zeitpunkt der Verlinkung nicht erkennbar.<\/p><p>Bei den Inhalten dieser Seiten wurden die Urheberrechte Dritter beachtet. Die Inhalte Dritter wurden als solche gekennzeichnet. Sollte eine Urheberrechtsverletzung vorhanden sein, wird um einen entsprechenden Hinweis gebeten. Solche Inhalte werden umgehend entfernt.<\/p><p>\u00a0<\/p><p>Die Nutzung von im Rahmen der Impressumspflicht ver\u00f6ffentlichten Kontaktdaten durch Dritte zur \u00dcbersendung von nicht ausdr\u00fccklich angeforderter Werbung und Informationsmaterialien wird hiermit ausdr\u00fccklich untersagt. Im Falle der unverlangten Zusendung von Werbeinformationen, etwa durch Spam-Mails, behalte ich mir ausdr\u00fccklich rechtliche Schritte vor.<\/p>\t\t\t\t\t\t\t\t<\/div>\n\t\t\t\t<\/div>\n\t\t\t\t\t<\/div>\n\t\t\t\t<\/div>\n\t\t\t\t<\/div>\n\t\t","protected":false},"excerpt":{"rendered":"<p>Verantwortlich f\u00fcr Copyright und Inhalt dieser Webseite: \u00a0 Dr. Helge G\u00f6hringer Nerenstetter Str.\u00a0 12 89542 Herbrechtingen E-Mail: an@helge-goehringer.de Tel. 0176 36333 261 \u00a0 \u00a0 Copyright: S\u00e4mtliche Inhalte und Bilder auf der Webseite Helge G\u00f6hringer unterliegen dem deutschen Urheberrecht. Sie k\u00f6nnen auf Anforderung zur Verf\u00fcgung gestellt werden. Ohne meine schriftliche Genehmigung ist eine Verwendung untersagt. Die [&hellip;]<\/p>\n","protected":false},"author":1,"featured_media":0,"parent":0,"menu_order":6,"comment_status":"closed","ping_status":"closed","template":"","meta":{"footnotes":""},"class_list":["post-22","page","type-page","status-publish","hentry"],"_links":{"self":[{"href":"https:\/\/helge-goehringer.de\/index.php?rest_route=\/wp\/v2\/pages\/22","targetHints":{"allow":["GET"]}}],"collection":[{"href":"https:\/\/helge-goehringer.de\/index.php?rest_route=\/wp\/v2\/pages"}],"about":[{"href":"https:\/\/helge-goehringer.de\/index.php?rest_route=\/wp\/v2\/types\/page"}],"author":[{"embeddable":true,"href":"https:\/\/helge-goehringer.de\/index.php?rest_route=\/wp\/v2\/users\/1"}],"replies":[{"embeddable":true,"href":"https:\/\/helge-goehringer.de\/index.php?rest_route=%2Fwp%2Fv2%2Fcomments&post=22"}],"version-history":[{"count":13,"href":"https:\/\/helge-goehringer.de\/index.php?rest_route=\/wp\/v2\/pages\/22\/revisions"}],"predecessor-version":[{"id":143,"href":"https:\/\/helge-goehringer.de\/index.php?rest_route=\/wp\/v2\/pages\/22\/revisions\/143"}],"wp:attachment":[{"href":"https:\/\/helge-goehringer.de\/index.php?rest_route=%2Fwp%2Fv2%2Fmedia&parent=22"}],"curies":[{"name":"wp","href":"https:\/\/api.w.org\/{rel}","templated":true}]}}