{"id":203,"date":"2024-05-21T10:54:54","date_gmt":"2024-05-21T08:54:54","guid":{"rendered":"http:\/\/helge-goehringer.de\/?page_id=203"},"modified":"2024-05-27T17:53:02","modified_gmt":"2024-05-27T15:53:02","slug":"rolf-hartung","status":"publish","type":"page","link":"https:\/\/helge-goehringer.de\/?page_id=203","title":{"rendered":"Rolf Hartung"},"content":{"rendered":"\t\t<div data-elementor-type=\"wp-page\" data-elementor-id=\"203\" class=\"elementor elementor-203\">\n\t\t\t\t<div class=\"elementor-element elementor-element-e40fd33 e-flex e-con-boxed e-con e-parent\" data-id=\"e40fd33\" data-element_type=\"container\">\n\t\t\t\t\t<div class=\"e-con-inner\">\n\t\t\t\t<div class=\"elementor-element elementor-element-5ebc732 elementor-widget__width-initial elementor-widget elementor-widget-text-editor\" data-id=\"5ebc732\" data-element_type=\"widget\" data-widget_type=\"text-editor.default\">\n\t\t\t\t<div class=\"elementor-widget-container\">\n\t\t\t\t\t\t\t\t\t<p><img fetchpriority=\"high\" decoding=\"async\" class=\"alignnone wp-image-275 size-full\" src=\"http:\/\/helge-goehringer.de\/wp-content\/uploads\/2024\/05\/3a-portr6hartung-c.jpg\" alt=\"Rolf Hartung\" width=\"1818\" height=\"2437\" \/>Auf dieser Seite werden als Erg\u00e4nzung zur Homepage Rolf Hartung Ausz\u00fcge aus der Monographie \u201eAchtung Hartung\u201c gebracht.<\/p><p><strong>\u00a0<\/strong><\/p><p><strong>\u00a0<\/strong><\/p><p><strong>Frank Wiezorrek<\/strong><\/p><p><strong>Bunte Schuhe<\/strong><\/p><p>\u201eIch schaue einen Stapel alter Fotos durch. Es sind Portraitaufnahmen von mir, die Rolf Hartung gemacht hat, zum achtzehnten Geburtstag, mein Ohrring und Uniform w\u00e4hrend der Wehrdienstzeit. Dazwischen ein fremder Schnappschuss, auf Klassenfahrt in Luxemburg, ich trage \u201abunte Schuhe\u2019. Sie waren eine gemeinsame Aktion mit Rolf Hartung.<\/p><p>Fr\u00fchling 1987. Ich brauchte leichtes Schuhwerk f\u00fcr den Sommer. Weil mir die angebotenen Neuheiten in Farbe oder Preis nicht zusagten, kaufte ich ein Paar ganz wei\u00dfe kn\u00f6chelhohe Turnschuhe aus Leinenstoff, ein Auslaufmodell. Die weitere Gestaltung wollte ich selbst \u00fcbernehmen. Im Freundeskreis hatten Versuche, Schuhe zu bemalen, untragbare Ergebnisse gebracht, weil mit den Farben auch die Oberfl\u00e4che verklebt und versiegelt wurde \u2013 es entstanden \u201eGummistiefel\u201c. Um solche Fehler zu vermeiden, ging ich zu Rolf Hartung.<\/p><p>Zu dieser Zeit arbeitete er mit Sprayfarben. Ich fragte ihn, ob man nicht auch die Schuhe anspr\u00fchen k\u00f6nnte. Wir diskutierten Probleme wie Haltbarkeit der Farben im t\u00e4glichen Gebrauch und Atmungsf\u00e4higkeit des Gewebes. Er kam zu dem Schluss, dass eine d\u00fcnne Benetzung keinen Nebeneffekt h\u00e4tte, dennoch ausreichend Farbdeckung erzielte, lediglich auf der Gummikappe w\u00fcrden die Farbspritzer sp\u00e4ter wieder abbl\u00e4ttern.<\/p><p>\u00a0&#8212;<\/p><p>Die Autogarage war sein Atelier f\u00fcr die Arbeit mit Aerosolen. Er stellte die drei Grundfarben Blau, Gelb und rot sowie Schwarz bereit, Gr\u00fcn und Braun lehnte ich ab. Bei Luft und Licht am offenen Tor war unsere Session eine \u00f6ffentliche Darbietung. Vorbeikommende warfen neugierige Blicke. Rolf Hartung begann nach kurzem Innehalten, mit lockerer Hand einzelne Farbfl\u00e4chen auf den Stoff zu spr\u00fchen, die sich teilweise \u00fcberlagerten, im zweiten Schritt f\u00fcllte er noch die wei\u00dfen Inseln aus, fertig war sein Schuh.<\/p><p>Ich schaute erst kurz zu, dann dr\u00fcckte ich den Spr\u00fchkopf. Heraus st<img decoding=\"async\" class=\"wp-image-84 alignright\" src=\"http:\/\/helge-goehringer.de\/wp-content\/uploads\/2024\/04\/3-Kunst-Schuhe-wz.jpg\" alt=\"\" width=\"434\" height=\"300\" \/>ob eine Wolke, die einen gr\u00f6\u00dferen Fleck bedeckte, als ich erwartet hatte. Trotzdem versuchte ich, m\u00f6glichst scharfe Abgrenzung bei Formen und Mustern zu erreichen. Endlich war auch mein Graffiti-Schuh vollendet. Zufrieden standen wir vor unseren Werken, eine Bewertung sollte jedem Betrachter selbst vorbehalten bleiben.<\/p><p>Die zwei Unikate zierten fortan meine F\u00fc\u00dfe, bis sie nach zwei Sommern, vollkommen zerschlissen und gegen meinen Willen, entsorgt wurden. Erhalten geblieben ist ein Foto und die Erinnerung an ein ungew\u00f6hnliches, gemeinsames Projekt, das sowohl Rolf Hartung als auch mir viel Vergn\u00fcgen bereitet hat.<\/p><p><em>Quelle:<\/em><\/p><p><em>\u00a0<\/em><\/p><p><em>\u00a0\u201eAchtung Hartung, ein Kaleidoskop\u201c, eine Monographie, broschiert mit 49 zum Teil farbigen Abbildungen, hrg. H. G\u00f6hringer, U. Sommerkamp, ISBN 3-00-017676-4<\/em><\/p>\t\t\t\t\t\t\t\t<\/div>\n\t\t\t\t<\/div>\n\t\t\t\t<div class=\"elementor-element elementor-element-f277980 elementor-widget elementor-widget-text-editor\" data-id=\"f277980\" data-element_type=\"widget\" data-widget_type=\"text-editor.default\">\n\t\t\t\t<div class=\"elementor-widget-container\">\n\t\t\t\t\t\t\t\t\t<p><a href=\"http:\/\/helge-goehringer.de\/wp-content\/uploads\/2024\/05\/4-homepage-Hartung.docx\" data-wplink-url-error=\"true\">4 homepage Hartung<\/a><\/p><p>Auf dieser Seite werden als Erg\u00e4nzung zur Homepage Rolf Hartung Ausz\u00fcge aus der Monographie \u201eAchtung Hartung\u201c gebracht.<\/p><p>\u00a0<\/p><p><strong>\u00a0<\/strong><\/p><p><strong>\u00a0<\/strong><\/p><p><strong>\u00a0<\/strong><\/p><p><strong>Frank Wiezorrek<\/strong><\/p><p>\u00a0<\/p><p><strong>Bunte Schuhe<\/strong><\/p><p>\u00a0<\/p><p>\u201eIch schaue einen Stapel alter Fotos durch. Es sind Portraitaufnahmen von mir, die Rolf Hartung gemacht hat, zum achtzehnten Geburtstag, mein Ohrring und Uniform w\u00e4hrend der Wehrdienstzeit. Dazwischen ein fremder Schnappschuss, auf Klassenfahrt in Luxemburg, ich trage \u201abunte Schuhe\u2019. Sie waren eine gemeinsame Aktion mit Rolf Hartung.<\/p><p>\u00a0<\/p><p>Fr\u00fchling 1987. Ich brauchte leichtes Schuhwerk f\u00fcr den Sommer. Weil mir die angebotenen Neuheiten in Farbe oder Preis nicht zusagten, kaufte ich ein Paar ganz wei\u00dfe kn\u00f6chelhohe Turnschuhe aus Leinenstoff, ein Auslaufmodell. Die weitere Gestaltung wollte ich selbst \u00fcbernehmen. Im Freundeskreis hatten Versuche, Schuhe zu bemalen, untragbare Ergebnisse gebracht, weil mit den Farben auch die Oberfl\u00e4che verklebt und versiegelt wurde \u2013 es entstanden \u201eGummistiefel\u201c. Um solche Fehler zu vermeiden, ging ich zu Rolf Hartung.<\/p><p>\u00a0<\/p><p>Zu dieser Zeit arbeitete er mit Sprayfarben. Ich fragte ihn, ob man nicht auch die Schuhe anspr\u00fchen k\u00f6nnte. Wir diskutierten Probleme wie Haltbarkeit der Farben im t\u00e4glichen Gebrauch und Atmungsf\u00e4higkeit des Gewebes. Er kam zu dem Schluss, dass eine d\u00fcnne Benetzung keinen Nebeneffekt h\u00e4tte, dennoch ausreichend Farbdeckung erzielte, lediglich auf der Gummikappe w\u00fcrden die Farbspritzer sp\u00e4ter wieder abbl\u00e4ttern.<\/p><p>\u00a0&#8212;<\/p><p>\u00a0<\/p><p>Die Autogarage war sein Atelier f\u00fcr die Arbeit mit Aerosolen. Er stellte die drei Grundfarben Blau, Gelb und rot sowie Schwarz bereit, Gr\u00fcn und Braun lehnte ich ab. Bei Luft und Licht am offenen Tor war unsere Session eine \u00f6ffentliche Darbietung. Vorbeikommende warfen neugierige Blicke. Rolf Hartung begann nach kurzem Innehalten, mit lockerer Hand einzelne Farbfl\u00e4chen auf den Stoff zu spr\u00fchen, die sich teilweise \u00fcberlagerten, im zweiten Schritt f\u00fcllte er noch die wei\u00dfen Inseln aus, fertig war sein Schuh.<\/p><p>\u00a0<\/p><p>Ich schaute erst kurz zu, dann dr\u00fcckte ich den Spr\u00fchkopf. Heraus stob eine Wolke, die einen gr\u00f6\u00dferen Fleck bedeckte, als ich erwartet hatte. Trotzdem versuchte ich, m\u00f6glichst scharfe Abgrenzung bei Formen und Mustern zu erreichen. Endlich war auch mein Graffiti-Schuh vollendet. Zufrieden standen wir vor unseren Werken, eine Bewertung sollte jedem Betrachter selbst vorbehalten bleiben.<\/p><p>\u00a0<\/p><p>Die zwei Unikate zierten fortan meine F\u00fc\u00dfe, bis sie nach zwei Sommern, vollkommen zerschlissen und gegen meinen Willen, entsorgt wurden. Erhalten geblieben ist ein Foto und die Erinnerung an ein ungew\u00f6hnliches, gemeinsames Projekt, das sowohl Rolf Hartung als auch mir viel Vergn\u00fcgen bereitet hat.<\/p><p>\u00a0<\/p><p>\u00a0<\/p><p>\u00a0<\/p><p>\u00a0<\/p><p>\u00a0<\/p><p>\u00a0<\/p><p>\u00a0<\/p><p><em>Quelle:<\/em><\/p><p><em>\u00a0<\/em><\/p><p><em>\u00a0\u201eAchtung Hartung, ein Kaleidoskop\u201c, eine Monographie, broschiert mit 49 zum Teil farbigen Abbildungen, hrg. H. G\u00f6hringer, U. Sommerkamp, ISBN 3-00-017676-4<\/em><\/p><p>\u00a0<\/p><p>\u00a0<\/p><p>Auf dieser Seite werden als Erg\u00e4nzung zur Homepage Rolf Hartung Ausz\u00fcge aus der Monographie \u201eAchtung Hartung\u201c gebracht.<\/p><p>\u00a0<\/p><p><strong>\u00a0<\/strong><\/p><p><strong>\u00a0<\/strong><\/p><p><strong>\u00a0<\/strong><\/p><p><strong>Frank Wiezorrek<\/strong><\/p><p>\u00a0<\/p><p><strong>Bunte Schuhe<\/strong><\/p><p>\u00a0<\/p><p>\u201eIch schaue einen Stapel alter Fotos durch. Es sind Portraitaufnahmen von mir, die Rolf Hartung gemacht hat, zum achtzehnten Geburtstag, mein Ohrring und Uniform w\u00e4hrend der Wehrdienstzeit. Dazwischen ein fremder Schnappschuss, auf Klassenfahrt in Luxemburg, ich trage \u201abunte Schuhe\u2019. Sie waren eine gemeinsame Aktion mit Rolf Hartung.<\/p><p>\u00a0<\/p><p>Fr\u00fchling 1987. Ich brauchte leichtes Schuhwerk f\u00fcr den Sommer. Weil mir die angebotenen Neuheiten in Farbe oder Preis nicht zusagten, kaufte ich ein Paar ganz wei\u00dfe kn\u00f6chelhohe Turnschuhe aus Leinenstoff, ein Auslaufmodell. Die weitere Gestaltung wollte ich selbst \u00fcbernehmen. Im Freundeskreis hatten Versuche, Schuhe zu bemalen, untragbare Ergebnisse gebracht, weil mit den Farben auch die Oberfl\u00e4che verklebt und versiegelt wurde \u2013 es entstanden \u201eGummistiefel\u201c. Um solche Fehler zu vermeiden, ging ich zu Rolf Hartung.<\/p><p>\u00a0<\/p><p>Zu dieser Zeit arbeitete er mit Sprayfarben. Ich fragte ihn, ob man nicht auch die Schuhe anspr\u00fchen k\u00f6nnte. Wir diskutierten Probleme wie Haltbarkeit der Farben im t\u00e4glichen Gebrauch und Atmungsf\u00e4higkeit des Gewebes. Er kam zu dem Schluss, dass eine d\u00fcnne Benetzung keinen Nebeneffekt h\u00e4tte, dennoch ausreichend Farbdeckung erzielte, lediglich auf der Gummikappe w\u00fcrden die Farbspritzer sp\u00e4ter wieder abbl\u00e4ttern.<\/p><p>\u00a0&#8212;<\/p><p>\u00a0<\/p><p>Die Autogarage war sein Atelier f\u00fcr die Arbeit mit Aerosolen. Er stellte die drei Grundfarben Blau, Gelb und rot sowie Schwarz bereit, Gr\u00fcn und Braun lehnte ich ab. Bei Luft und Licht am offenen Tor war unsere Session eine \u00f6ffentliche Darbietung. Vorbeikommende warfen neugierige Blicke. Rolf Hartung begann nach kurzem Innehalten, mit lockerer Hand einzelne Farbfl\u00e4chen auf den Stoff zu spr\u00fchen, die sich teilweise \u00fcberlagerten, im zweiten Schritt f\u00fcllte er noch die wei\u00dfen Inseln aus, fertig war sein Schuh.<\/p><p>\u00a0<\/p><p>Ich schaute erst kurz zu, dann dr\u00fcckte ich den Spr\u00fchkopf. Heraus stob eine Wolke, die einen gr\u00f6\u00dferen Fleck bedeckte, als ich erwartet hatte. Trotzdem versuchte ich, m\u00f6glichst scharfe Abgrenzung bei Formen und Mustern zu erreichen. Endlich war auch mein Graffiti-Schuh vollendet. Zufrieden standen wir vor unseren Werken, eine Bewertung sollte jedem Betrachter selbst vorbehalten bleiben.<\/p><p>\u00a0<\/p><p>Die zwei Unikate zierten fortan meine F\u00fc\u00dfe, bis sie nach zwei Sommern, vollkommen zerschlissen und gegen meinen Willen, entsorgt wurden. Erhalten geblieben ist ein Foto und die Erinnerung an ein ungew\u00f6hnliches, gemeinsames Projekt, das sowohl Rolf Hartung als auch mir viel Vergn\u00fcgen bereitet hat.<\/p><p>\u00a0<\/p><p>\u00a0<\/p><p>\u00a0<\/p><p>\u00a0<\/p><p>\u00a0<\/p><p>\u00a0<\/p><p>\u00a0<\/p><p><em>Quelle:<\/em><\/p><p><em>\u00a0<\/em><\/p><p><em>\u00a0\u201eAchtung Hartung, ein Kaleidoskop\u201c, eine Monographie, broschiert mit 49 zum Teil farbigen Abbildungen, hrg. H. G\u00f6hringer, U. Sommerkamp, ISBN 3-00-017676-4<\/em><\/p><p>\u00a0<\/p><p>\u00a0<\/p><p>\u00a0<\/p><p>\u00a0<\/p>\t\t\t\t\t\t\t\t<\/div>\n\t\t\t\t<\/div>\n\t\t\t\t\t<\/div>\n\t\t\t\t<\/div>\n\t\t\t\t<\/div>\n\t\t","protected":false},"excerpt":{"rendered":"<p>Auf dieser Seite werden als Erg\u00e4nzung zur Homepage Rolf Hartung Ausz\u00fcge aus der Monographie \u201eAchtung Hartung\u201c gebracht. \u00a0 \u00a0 Frank Wiezorrek Bunte Schuhe \u201eIch schaue einen Stapel alter Fotos durch. Es sind Portraitaufnahmen von mir, die Rolf Hartung gemacht hat, zum achtzehnten Geburtstag, mein Ohrring und Uniform w\u00e4hrend der Wehrdienstzeit. Dazwischen ein fremder Schnappschuss, auf [&hellip;]<\/p>\n","protected":false},"author":1,"featured_media":0,"parent":0,"menu_order":0,"comment_status":"closed","ping_status":"closed","template":"","meta":{"footnotes":""},"class_list":["post-203","page","type-page","status-publish","hentry"],"_links":{"self":[{"href":"https:\/\/helge-goehringer.de\/index.php?rest_route=\/wp\/v2\/pages\/203","targetHints":{"allow":["GET"]}}],"collection":[{"href":"https:\/\/helge-goehringer.de\/index.php?rest_route=\/wp\/v2\/pages"}],"about":[{"href":"https:\/\/helge-goehringer.de\/index.php?rest_route=\/wp\/v2\/types\/page"}],"author":[{"embeddable":true,"href":"https:\/\/helge-goehringer.de\/index.php?rest_route=\/wp\/v2\/users\/1"}],"replies":[{"embeddable":true,"href":"https:\/\/helge-goehringer.de\/index.php?rest_route=%2Fwp%2Fv2%2Fcomments&post=203"}],"version-history":[{"count":14,"href":"https:\/\/helge-goehringer.de\/index.php?rest_route=\/wp\/v2\/pages\/203\/revisions"}],"predecessor-version":[{"id":298,"href":"https:\/\/helge-goehringer.de\/index.php?rest_route=\/wp\/v2\/pages\/203\/revisions\/298"}],"wp:attachment":[{"href":"https:\/\/helge-goehringer.de\/index.php?rest_route=%2Fwp%2Fv2%2Fmedia&parent=203"}],"curies":[{"name":"wp","href":"https:\/\/api.w.org\/{rel}","templated":true}]}}